{"id":2322,"date":"2018-12-10T01:06:57","date_gmt":"2018-12-10T00:06:57","guid":{"rendered":"https:\/\/www.melhfa.com\/?page_id=2322"},"modified":"2018-12-10T01:15:38","modified_gmt":"2018-12-10T00:15:38","slug":"politique-de-confidentialite","status":"publish","type":"page","link":"https:\/\/www.melhfa.com\/en\/politique-de-confidentialite\/","title":{"rendered":"Privacy policy"},"content":{"rendered":"<div style=\"height:100px\" aria-hidden=\"true\" class=\"wp-block-spacer\"><\/div>\n\n\n<h2>Who are we ?<\/h2>\n<p>The address of our website is : https:\/\/www.melhfa.com.<\/p>\n<h2>\u00a0<\/h2>\n<h2 style=\"text-align: center;\">Use of personal data collected<\/h2>\n<h3>\u00a0<\/h3>\n<h3>Gathering Information<\/h3>\n<p>We collect information when you make a purchase on our site. The information collected includes your first and last name, mailing address, telephone number, and e-mail address.<\/p>\n<p>In addition, we automatically receive and record information from your computer and browser, including your IP address, software and hardware, and the page you request.<\/p>\n<h3>\u00a0<\/h3>\n<h3>Use of Information<\/h3>\n<p>Any information we collect from you may be used to :<\/p>\n<p>\u2013 Allow us to ship your order to you<\/p>\n<p>\u2013 Contact you by phone (SMS or WhatsApp) or e-mail to request additional information about the delivery but also to ask your opinion and keep you informed of new products.<\/p>\n<h3>\u00a0<\/h3>\n<h3>Online shop privacy<\/h3>\n<p>We are the sole owners of the information collected on this site except for your bank details which we do not have access to. Your personal information will not be sold, exchanged, transferred, or given to any other company for any reason other than what is necessary to pay for the order.<\/p>\n<h3>\u00a0<\/h3>\n<h3>Disclosure to third parties<\/h3>\n<p>We do not sell, trade or transfer your personally identifiable information to third parties.<\/p>\n<h3>\u00a0<\/h3>\n<h3>Protection of information<\/h3>\n<p>We implement a variety of security measures to safeguard the security of your personal information. Our site is encrypted to protect sensitive information transmitted online. We also protect your information offline. Only employees who need to perform a specific job (for example, billing or customer service) are granted access to personally identifiable information. The computers and servers used to store personally identifiable information are kept in a secure environment.<\/p>\n<h3>\u00a0<\/h3>\n<h3>Do we use cookies ?<\/h3>\n<p>Our cookies improve access to our site and identify repeat visitors. In addition, our cookies improve the user experience by tracking and targeting user interests. However, this use of cookies is in no way linked to any personally identifiable information on our site.<\/p>\n<h3>\u00a0<\/h3>\n<h3>Unsubscribe<\/h3>\n<p>We use the e-mail address and telephone number you provide to send you information and updates about your order, occasional brand news, information about related products, etc. We may also use the e-mail address and telephone number you provide to send you information and updates about your order, occasional brand news, information about related products, and so on. If at any time you wish to unsubscribe and no longer receive messages from us, please let us know via the contact form.<\/p>\n<h3>\u00a0<\/h3>\n<h3>Consent<\/h3>\n<p>By using our site, you consent to our privacy policy.<\/p>\n\n\n<div style=\"height:100px\" aria-hidden=\"true\" class=\"wp-block-spacer\"><\/div>","protected":false},"excerpt":{"rendered":"<p>Qui sommes-nous\u00a0? L\u2019adresse de notre site Web est\u00a0: https:\/\/www.melhfa.com. \u00a0 Utilisation des donn\u00e9es personnelles collect\u00e9es \u00a0 Collecte de l\u2019information Nous recueillons des informations lorsque vous faites un achat sur notre site. Les informations recueillies incluent votre nom, pr\u00e9nom, votre adresse postale, votre num\u00e9ro de t\u00e9l\u00e9phone, et votre adresse e-mail. En outre, nous recevons et enregistrons &hellip;<\/p>","protected":false},"author":1,"featured_media":0,"parent":0,"menu_order":0,"comment_status":"closed","ping_status":"closed","template":"","meta":{"footnotes":""},"class_list":["post-2322","page","type-page","status-publish","hentry"],"yoast_head":"<!-- This site is optimized with the Yoast SEO plugin v25.9 - https:\/\/yoast.com\/wordpress\/plugins\/seo\/ -->\n<title>Politique de confidentialit\u00e9 - Melhfa<\/title>\n<meta name=\"robots\" content=\"noindex, follow\" \/>\n<meta property=\"og:locale\" content=\"en_US\" \/>\n<meta property=\"og:type\" content=\"article\" \/>\n<meta property=\"og:title\" content=\"Politique de confidentialit\u00e9 - Melhfa\" \/>\n<meta property=\"og:description\" content=\"Qui sommes-nous\u00a0? L\u2019adresse de notre site Web est\u00a0: https:\/\/www.melhfa.com. \u00a0 Utilisation des donn\u00e9es personnelles collect\u00e9es \u00a0 Collecte de l\u2019information Nous recueillons des informations lorsque vous faites un achat sur notre site. Les informations recueillies incluent votre nom, pr\u00e9nom, votre adresse postale, votre num\u00e9ro de t\u00e9l\u00e9phone, et votre adresse e-mail. En outre, nous recevons et enregistrons &hellip;\" \/>\n<meta property=\"og:url\" content=\"https:\/\/www.melhfa.com\/en\/politique-de-confidentialite\/\" \/>\n<meta property=\"og:site_name\" content=\"Melhfa\" \/>\n<meta property=\"article:publisher\" content=\"https:\/\/www.facebook.com\/melhfa.com.shop\/\" \/>\n<meta property=\"article:modified_time\" content=\"2018-12-10T00:15:38+00:00\" \/>\n<meta name=\"twitter:card\" content=\"summary_large_image\" \/>\n<meta name=\"twitter:label1\" content=\"Est. reading time\" \/>\n\t<meta name=\"twitter:data1\" content=\"2 minutes\" \/>\n<script type=\"application\/ld+json\" class=\"yoast-schema-graph\">{\"@context\":\"https:\/\/schema.org\",\"@graph\":[{\"@type\":\"WebPage\",\"@id\":\"https:\/\/www.melhfa.com\/politique-de-confidentialite\/\",\"url\":\"https:\/\/www.melhfa.com\/politique-de-confidentialite\/\",\"name\":\"Politique de confidentialit\u00e9 - Melhfa\",\"isPartOf\":{\"@id\":\"https:\/\/www.melhfa.com\/#website\"},\"datePublished\":\"2018-12-10T00:06:57+00:00\",\"dateModified\":\"2018-12-10T00:15:38+00:00\",\"breadcrumb\":{\"@id\":\"https:\/\/www.melhfa.com\/politique-de-confidentialite\/#breadcrumb\"},\"inLanguage\":\"en-US\",\"potentialAction\":[{\"@type\":\"ReadAction\",\"target\":[\"https:\/\/www.melhfa.com\/politique-de-confidentialite\/\"]}]},{\"@type\":\"BreadcrumbList\",\"@id\":\"https:\/\/www.melhfa.com\/politique-de-confidentialite\/#breadcrumb\",\"itemListElement\":[{\"@type\":\"ListItem\",\"position\":1,\"name\":\"Accueil\",\"item\":\"https:\/\/www.melhfa.com\/\"},{\"@type\":\"ListItem\",\"position\":2,\"name\":\"Politique de confidentialit\u00e9\"}]},{\"@type\":\"WebSite\",\"@id\":\"https:\/\/www.melhfa.com\/#website\",\"url\":\"https:\/\/www.melhfa.com\/\",\"name\":\"Melhfa\",\"description\":\"Vente de mlahefs\",\"potentialAction\":[{\"@type\":\"SearchAction\",\"target\":{\"@type\":\"EntryPoint\",\"urlTemplate\":\"https:\/\/www.melhfa.com\/?s={search_term_string}\"},\"query-input\":{\"@type\":\"PropertyValueSpecification\",\"valueRequired\":true,\"valueName\":\"search_term_string\"}}],\"inLanguage\":\"en-US\"}]}<\/script>\n<!-- \/ Yoast SEO plugin. -->","yoast_head_json":{"title":"Politique de confidentialit\u00e9 - Melhfa","robots":{"index":"noindex","follow":"follow"},"og_locale":"en_US","og_type":"article","og_title":"Politique de confidentialit\u00e9 - Melhfa","og_description":"Qui sommes-nous\u00a0? L\u2019adresse de notre site Web est\u00a0: https:\/\/www.melhfa.com. \u00a0 Utilisation des donn\u00e9es personnelles collect\u00e9es \u00a0 Collecte de l\u2019information Nous recueillons des informations lorsque vous faites un achat sur notre site. Les informations recueillies incluent votre nom, pr\u00e9nom, votre adresse postale, votre num\u00e9ro de t\u00e9l\u00e9phone, et votre adresse e-mail. En outre, nous recevons et enregistrons &hellip;","og_url":"https:\/\/www.melhfa.com\/en\/politique-de-confidentialite\/","og_site_name":"Melhfa","article_publisher":"https:\/\/www.facebook.com\/melhfa.com.shop\/","article_modified_time":"2018-12-10T00:15:38+00:00","twitter_card":"summary_large_image","twitter_misc":{"Est. reading time":"2 minutes"},"schema":{"@context":"https:\/\/schema.org","@graph":[{"@type":"WebPage","@id":"https:\/\/www.melhfa.com\/politique-de-confidentialite\/","url":"https:\/\/www.melhfa.com\/politique-de-confidentialite\/","name":"Politique de confidentialit\u00e9 - Melhfa","isPartOf":{"@id":"https:\/\/www.melhfa.com\/#website"},"datePublished":"2018-12-10T00:06:57+00:00","dateModified":"2018-12-10T00:15:38+00:00","breadcrumb":{"@id":"https:\/\/www.melhfa.com\/politique-de-confidentialite\/#breadcrumb"},"inLanguage":"en-US","potentialAction":[{"@type":"ReadAction","target":["https:\/\/www.melhfa.com\/politique-de-confidentialite\/"]}]},{"@type":"BreadcrumbList","@id":"https:\/\/www.melhfa.com\/politique-de-confidentialite\/#breadcrumb","itemListElement":[{"@type":"ListItem","position":1,"name":"Accueil","item":"https:\/\/www.melhfa.com\/"},{"@type":"ListItem","position":2,"name":"Politique de confidentialit\u00e9"}]},{"@type":"WebSite","@id":"https:\/\/www.melhfa.com\/#website","url":"https:\/\/www.melhfa.com\/","name":"Melhfa","description":"Vente de mlahefs","potentialAction":[{"@type":"SearchAction","target":{"@type":"EntryPoint","urlTemplate":"https:\/\/www.melhfa.com\/?s={search_term_string}"},"query-input":{"@type":"PropertyValueSpecification","valueRequired":true,"valueName":"search_term_string"}}],"inLanguage":"en-US"}]}},"_links":{"self":[{"href":"https:\/\/www.melhfa.com\/en\/wp-json\/wp\/v2\/pages\/2322","targetHints":{"allow":["GET"]}}],"collection":[{"href":"https:\/\/www.melhfa.com\/en\/wp-json\/wp\/v2\/pages"}],"about":[{"href":"https:\/\/www.melhfa.com\/en\/wp-json\/wp\/v2\/types\/page"}],"author":[{"embeddable":true,"href":"https:\/\/www.melhfa.com\/en\/wp-json\/wp\/v2\/users\/1"}],"replies":[{"embeddable":true,"href":"https:\/\/www.melhfa.com\/en\/wp-json\/wp\/v2\/comments?post=2322"}],"version-history":[{"count":5,"href":"https:\/\/www.melhfa.com\/en\/wp-json\/wp\/v2\/pages\/2322\/revisions"}],"predecessor-version":[{"id":2700,"href":"https:\/\/www.melhfa.com\/en\/wp-json\/wp\/v2\/pages\/2322\/revisions\/2700"}],"wp:attachment":[{"href":"https:\/\/www.melhfa.com\/en\/wp-json\/wp\/v2\/media?parent=2322"}],"curies":[{"name":"wp","href":"https:\/\/api.w.org\/{rel}","templated":true}]}}