{"id":821,"date":"2016-05-04T01:58:45","date_gmt":"2016-05-03T23:58:45","guid":{"rendered":"http:\/\/melhfa.com\/?page_id=821"},"modified":"2021-03-15T23:44:47","modified_gmt":"2021-03-15T22:44:47","slug":"contact","status":"publish","type":"page","link":"https:\/\/www.melhfa.com\/en\/contact\/","title":{"rendered":"Contact"},"content":{"rendered":"<div class=\"wpb-content-wrapper\"><div class=\"nm-row nm-row-full vc_row wpb_row\"><div class=\"nm_column wpb_column vc_column_container col-sm-12 col-md-offset-1 col-md-10 vc_custom_1433192826304\"><div class=\"vc_column-inner\"><div class=\"wpb_wrapper\">\n\t<div class=\"wpb_text_column wpb_content_element\" >\n\t\t<div class=\"wpb_wrapper\">\n\t\t\t<h2>Do not hesitate to contact us. We will be pleased to answer you.<\/h2>\n\n\t\t<\/div>\n\t<\/div>\n<\/div><\/div><\/div><\/div><div class=\"nm-row nm-row-full vc_row wpb_row  vc_custom_1433252897276\"><div class=\"nm_column wpb_column vc_column_container col-sm-4 col-md-offset-1\"><div class=\"vc_column-inner\"><div class=\"wpb_wrapper\">\n\t<div class=\"wpb_text_column wpb_content_element\" >\n\t\t<div class=\"wpb_wrapper\">\n\t\t\t<h4>Message via Facebook or Instagram<\/h4>\n<h4>Email via the contact form<\/h4>\n<h4>You have the choice !<\/h4>\n\n\t\t<\/div>\n\t<\/div>\n<div class=\"vc_empty_space\"   style=\"height: 17px\"><span class=\"vc_empty_space_inner\"><\/span><\/div><\/div><\/div><\/div><div class=\"nm_column wpb_column vc_column_container col-sm-8 col-md-6\"><div class=\"vc_column-inner\"><div class=\"wpb_wrapper\">\n\t<div class=\"wpb_text_column wpb_content_element\" >\n\t\t<div class=\"wpb_wrapper\">\n\t\t\t<p>Need information before or after you order? Don't hesitate to leave us a message via Facebook or Instagram :<\/p>\n<p>Facebook : <a href=\"https:\/\/www.facebook.com\/melhfa.com.shop\/\" target=\"_blank\" rel=\"noopener noreferrer\">Melhfa.com<\/a><br \/>\nInstragram : <a href=\"https:\/\/www.instagram.com\/melhfa.com.shop\" target=\"_blank\" rel=\"noopener noreferrer\">@melhfa.com.shop<\/a><\/p>\n<p>You can also ask your questions via the contact form below.<\/p>\n<p>We will answer you as soon as possible !<\/p>\n\n\t\t<\/div>\n\t<\/div>\n<\/div><\/div><\/div><\/div><div class=\"nm-row nm-row-full vc_row wpb_row  vc_custom_1433253829272\"><div class=\"nm_column wpb_column vc_column_container col-sm-4 col-md-offset-1\"><div class=\"vc_column-inner\"><div class=\"wpb_wrapper\">\n\t<div class=\"wpb_text_column wpb_content_element\" >\n\t\t<div class=\"wpb_wrapper\">\n\t\t\t<h4>Leave us your message<\/h4>\n\n\t\t<\/div>\n\t<\/div>\n<div class=\"vc_empty_space\"   style=\"height: 23px\"><span class=\"vc_empty_space_inner\"><\/span><\/div><\/div><\/div><\/div><div class=\"nm_column wpb_column vc_column_container col-sm-8 col-md-6\"><div class=\"vc_column-inner\"><div class=\"wpb_wrapper\">\n<div class=\"wpcf7 no-js\" id=\"wpcf7-f807-o1\" lang=\"fr-FR\" dir=\"ltr\" data-wpcf7-id=\"807\">\n<div class=\"screen-reader-response\"><p role=\"status\" aria-live=\"polite\" aria-atomic=\"true\"><\/p> <ul><\/ul><\/div>\n<form action=\"\/en\/wp-json\/wp\/v2\/pages\/821#wpcf7-f807-o1\" method=\"post\" class=\"wpcf7-form init\" aria-label=\"Formulaire de contact\" novalidate=\"novalidate\" data-status=\"init\" data-trp-original-action=\"\/en\/wp-json\/wp\/v2\/pages\/821#wpcf7-f807-o1\">\n<fieldset class=\"hidden-fields-container\"><input type=\"hidden\" name=\"_wpcf7\" value=\"807\" \/><input type=\"hidden\" name=\"_wpcf7_version\" value=\"6.1.1\" \/><input type=\"hidden\" name=\"_wpcf7_locale\" value=\"fr_FR\" \/><input type=\"hidden\" name=\"_wpcf7_unit_tag\" value=\"wpcf7-f807-o1\" \/><input type=\"hidden\" name=\"_wpcf7_container_post\" value=\"0\" \/><input type=\"hidden\" name=\"_wpcf7_posted_data_hash\" value=\"\" \/><input type=\"hidden\" name=\"_wpcf7_recaptcha_response\" value=\"\" \/>\n<\/fieldset>\n<p>Your name (required)\n<\/p>\n<p><span class=\"wpcf7-form-control-wrap\" data-name=\"your-name\"><input size=\"40\" maxlength=\"400\" class=\"wpcf7-form-control wpcf7-text wpcf7-validates-as-required\" aria-required=\"true\" aria-invalid=\"false\" value=\"\" type=\"text\" name=\"your-name\" \/><\/span>\n<\/p>\n<p>Your e-mail address (required)\n<\/p>\n<p><span class=\"wpcf7-form-control-wrap\" data-name=\"your-email\"><input size=\"40\" maxlength=\"400\" class=\"wpcf7-form-control wpcf7-email wpcf7-validates-as-required wpcf7-text wpcf7-validates-as-email\" aria-required=\"true\" aria-invalid=\"false\" value=\"\" type=\"email\" name=\"your-email\" \/><\/span>\n<\/p>\n<p>The subject of your message\n<\/p>\n<p><span class=\"wpcf7-form-control-wrap\" data-name=\"your-subject\"><input size=\"40\" maxlength=\"400\" class=\"wpcf7-form-control wpcf7-text\" aria-invalid=\"false\" value=\"\" type=\"text\" name=\"your-subject\" \/><\/span>\n<\/p>\n<p>And your message\n<\/p>\n<p><span class=\"wpcf7-form-control-wrap\" data-name=\"your-message\"><textarea cols=\"40\" rows=\"10\" maxlength=\"2000\" class=\"wpcf7-form-control wpcf7-textarea\" aria-invalid=\"false\" name=\"your-message\"><\/textarea><\/span>\n<\/p>\n<p><input class=\"wpcf7-form-control wpcf7-submit has-spinner\" type=\"submit\" value=\"Send\" \/>\n<\/p><div class=\"wpcf7-response-output\" aria-hidden=\"true\"><\/div>\n<input type=\"hidden\" name=\"trp-form-language\" value=\"en\"\/><\/form>\n<\/div>\n<\/div><\/div><\/div><\/div>\n<\/div>","protected":false},"excerpt":{"rendered":"N'h\u00e9sitez pas \u00e0 nous contacter. Nous vous r\u00e9pondrons avec plaisir. Message via Facebook ou Instagram Email via le formulaire de contact Vous avez le choix ! Besoin d'information avant de commander ou suite \u00e0 votre commande ? N'h\u00e9sitez pas \u00e0 nous laisser un message via Facebook ou Instagram : Facebook : Melhfa.com Instragram : @melhfa.com.shop [...]","protected":false},"author":1,"featured_media":0,"parent":0,"menu_order":0,"comment_status":"closed","ping_status":"closed","template":"","meta":{"footnotes":""},"class_list":["post-821","page","type-page","status-publish","hentry"],"yoast_head":"<!-- This site is optimized with the Yoast SEO plugin v25.9 - https:\/\/yoast.com\/wordpress\/plugins\/seo\/ -->\n<title>Contact - Melhfa<\/title>\n<meta name=\"robots\" content=\"noindex, follow\" \/>\n<meta property=\"og:locale\" content=\"en_US\" \/>\n<meta property=\"og:type\" content=\"article\" \/>\n<meta property=\"og:title\" content=\"Contact - Melhfa\" \/>\n<meta property=\"og:url\" content=\"https:\/\/www.melhfa.com\/en\/contact\/\" \/>\n<meta property=\"og:site_name\" content=\"Melhfa\" \/>\n<meta property=\"article:publisher\" content=\"https:\/\/www.facebook.com\/melhfa.com.shop\/\" \/>\n<meta property=\"article:modified_time\" content=\"2021-03-15T22:44:47+00:00\" \/>\n<meta name=\"twitter:card\" content=\"summary_large_image\" \/>\n<meta name=\"twitter:label1\" content=\"Est. reading time\" \/>\n\t<meta name=\"twitter:data1\" content=\"1 minute\" \/>\n<script type=\"application\/ld+json\" class=\"yoast-schema-graph\">{\"@context\":\"https:\/\/schema.org\",\"@graph\":[{\"@type\":\"WebPage\",\"@id\":\"https:\/\/www.melhfa.com\/contact\/\",\"url\":\"https:\/\/www.melhfa.com\/contact\/\",\"name\":\"Contact - Melhfa\",\"isPartOf\":{\"@id\":\"https:\/\/www.melhfa.com\/#website\"},\"datePublished\":\"2016-05-03T23:58:45+00:00\",\"dateModified\":\"2021-03-15T22:44:47+00:00\",\"breadcrumb\":{\"@id\":\"https:\/\/www.melhfa.com\/contact\/#breadcrumb\"},\"inLanguage\":\"en-US\",\"potentialAction\":[{\"@type\":\"ReadAction\",\"target\":[\"https:\/\/www.melhfa.com\/contact\/\"]}]},{\"@type\":\"BreadcrumbList\",\"@id\":\"https:\/\/www.melhfa.com\/contact\/#breadcrumb\",\"itemListElement\":[{\"@type\":\"ListItem\",\"position\":1,\"name\":\"Accueil\",\"item\":\"https:\/\/www.melhfa.com\/\"},{\"@type\":\"ListItem\",\"position\":2,\"name\":\"Contact\"}]},{\"@type\":\"WebSite\",\"@id\":\"https:\/\/www.melhfa.com\/#website\",\"url\":\"https:\/\/www.melhfa.com\/\",\"name\":\"Melhfa\",\"description\":\"Vente de mlahefs\",\"potentialAction\":[{\"@type\":\"SearchAction\",\"target\":{\"@type\":\"EntryPoint\",\"urlTemplate\":\"https:\/\/www.melhfa.com\/?s={search_term_string}\"},\"query-input\":{\"@type\":\"PropertyValueSpecification\",\"valueRequired\":true,\"valueName\":\"search_term_string\"}}],\"inLanguage\":\"en-US\"}]}<\/script>\n<!-- \/ Yoast SEO plugin. -->","yoast_head_json":{"title":"Contact - Melhfa","robots":{"index":"noindex","follow":"follow"},"og_locale":"en_US","og_type":"article","og_title":"Contact - Melhfa","og_url":"https:\/\/www.melhfa.com\/en\/contact\/","og_site_name":"Melhfa","article_publisher":"https:\/\/www.facebook.com\/melhfa.com.shop\/","article_modified_time":"2021-03-15T22:44:47+00:00","twitter_card":"summary_large_image","twitter_misc":{"Est. reading time":"1 minute"},"schema":{"@context":"https:\/\/schema.org","@graph":[{"@type":"WebPage","@id":"https:\/\/www.melhfa.com\/contact\/","url":"https:\/\/www.melhfa.com\/contact\/","name":"Contact - Melhfa","isPartOf":{"@id":"https:\/\/www.melhfa.com\/#website"},"datePublished":"2016-05-03T23:58:45+00:00","dateModified":"2021-03-15T22:44:47+00:00","breadcrumb":{"@id":"https:\/\/www.melhfa.com\/contact\/#breadcrumb"},"inLanguage":"en-US","potentialAction":[{"@type":"ReadAction","target":["https:\/\/www.melhfa.com\/contact\/"]}]},{"@type":"BreadcrumbList","@id":"https:\/\/www.melhfa.com\/contact\/#breadcrumb","itemListElement":[{"@type":"ListItem","position":1,"name":"Accueil","item":"https:\/\/www.melhfa.com\/"},{"@type":"ListItem","position":2,"name":"Contact"}]},{"@type":"WebSite","@id":"https:\/\/www.melhfa.com\/#website","url":"https:\/\/www.melhfa.com\/","name":"Melhfa","description":"Vente de mlahefs","potentialAction":[{"@type":"SearchAction","target":{"@type":"EntryPoint","urlTemplate":"https:\/\/www.melhfa.com\/?s={search_term_string}"},"query-input":{"@type":"PropertyValueSpecification","valueRequired":true,"valueName":"search_term_string"}}],"inLanguage":"en-US"}]}},"_links":{"self":[{"href":"https:\/\/www.melhfa.com\/en\/wp-json\/wp\/v2\/pages\/821","targetHints":{"allow":["GET"]}}],"collection":[{"href":"https:\/\/www.melhfa.com\/en\/wp-json\/wp\/v2\/pages"}],"about":[{"href":"https:\/\/www.melhfa.com\/en\/wp-json\/wp\/v2\/types\/page"}],"author":[{"embeddable":true,"href":"https:\/\/www.melhfa.com\/en\/wp-json\/wp\/v2\/users\/1"}],"replies":[{"embeddable":true,"href":"https:\/\/www.melhfa.com\/en\/wp-json\/wp\/v2\/comments?post=821"}],"version-history":[{"count":26,"href":"https:\/\/www.melhfa.com\/en\/wp-json\/wp\/v2\/pages\/821\/revisions"}],"predecessor-version":[{"id":4600,"href":"https:\/\/www.melhfa.com\/en\/wp-json\/wp\/v2\/pages\/821\/revisions\/4600"}],"wp:attachment":[{"href":"https:\/\/www.melhfa.com\/en\/wp-json\/wp\/v2\/media?parent=821"}],"curies":[{"name":"wp","href":"https:\/\/api.w.org\/{rel}","templated":true}]}}